{"id":14,"date":"2025-09-06T13:51:15","date_gmt":"2025-09-06T13:51:15","guid":{"rendered":"https:\/\/warabaconsulting.com\/?page_id=14"},"modified":"2025-09-14T17:41:46","modified_gmt":"2025-09-14T17:41:46","slug":"services","status":"publish","type":"page","link":"https:\/\/warabaconsulting.com\/index.php\/services\/","title":{"rendered":"SERVICES"},"content":{"rendered":"<p>[et_pb_section fb_built=&#8221;1&#8243; _builder_version=&#8221;4.24.3&#8243; _module_preset=&#8221;default&#8221; global_colors_info=&#8221;{}&#8221;][et_pb_row column_structure=&#8221;1_2,1_2&#8243; _builder_version=&#8221;4.24.3&#8243; _module_preset=&#8221;default&#8221; global_colors_info=&#8221;{}&#8221;][et_pb_column type=&#8221;1_2&#8243; _builder_version=&#8221;4.24.3&#8243; _module_preset=&#8221;default&#8221; global_colors_info=&#8221;{}&#8221;][et_pb_heading title=&#8221;NOS SERVICES&#8221; _builder_version=&#8221;4.24.3&#8243; _module_preset=&#8221;default&#8221; title_font=&#8221;|800|||||||&#8221; global_colors_info=&#8221;{}&#8221;][\/et_pb_heading][et_pb_text _builder_version=&#8221;4.24.3&#8243; _module_preset=&#8221;default&#8221; text_font=&#8221;|300|||||||&#8221; text_font_size=&#8221;18px&#8221; global_colors_info=&#8221;{}&#8221;]<\/p>\n<p>Chez Waraba Consulting, nous offrons une gamme compl\u00e8te de solutions de conseil, de formation et de comptabilit\u00e9 con\u00e7ues pour aider les entreprises en Afrique et \u00e0 l\u2019international \u00e0 prosp\u00e9rer. Notre expertise couvre la strat\u00e9gie, le d\u00e9veloppement des comp\u00e9tences et la conformit\u00e9, garantissant \u00e0 nos clients comp\u00e9titivit\u00e9, efficacit\u00e9 et croissance durable.<\/p>\n<p>[\/et_pb_text][\/et_pb_column][et_pb_column type=&#8221;1_2&#8243; _builder_version=&#8221;4.24.3&#8243; _module_preset=&#8221;default&#8221; global_colors_info=&#8221;{}&#8221;][et_pb_image src=&#8221;https:\/\/warabaconsulting.com\/wp-content\/uploads\/2025\/09\/a6.webp&#8221; _builder_version=&#8221;4.24.3&#8243; _module_preset=&#8221;default&#8221; hover_enabled=&#8221;0&#8243; global_colors_info=&#8221;{}&#8221; title_text=&#8221;a6&#8243; sticky_enabled=&#8221;0&#8243;][\/et_pb_image][\/et_pb_column][\/et_pb_row][et_pb_row column_structure=&#8221;1_2,1_2&#8243; _builder_version=&#8221;4.24.3&#8243; _module_preset=&#8221;default&#8221; global_colors_info=&#8221;{}&#8221;][et_pb_column type=&#8221;1_2&#8243; _builder_version=&#8221;4.24.3&#8243; _module_preset=&#8221;default&#8221; global_colors_info=&#8221;{}&#8221;][et_pb_heading title=&#8221;Conseil Strat\u00e9gique &#038; D\u00e9veloppement Commercial&#8221; _builder_version=&#8221;4.24.3&#8243; _module_preset=&#8221;default&#8221; title_font=&#8221;|800|||||||&#8221; global_colors_info=&#8221;{}&#8221;][\/et_pb_heading][et_pb_image src=&#8221;https:\/\/warabaconsulting.com\/wp-content\/uploads\/2025\/09\/a2.webp&#8221; _builder_version=&#8221;4.24.3&#8243; _module_preset=&#8221;default&#8221; hover_enabled=&#8221;0&#8243; locked=&#8221;off&#8221; global_colors_info=&#8221;{}&#8221; title_text=&#8221;a2&#8243; sticky_enabled=&#8221;0&#8243;][\/et_pb_image][\/et_pb_column][et_pb_column type=&#8221;1_2&#8243; _builder_version=&#8221;4.24.3&#8243; _module_preset=&#8221;default&#8221; global_colors_info=&#8221;{}&#8221;][et_pb_text _builder_version=&#8221;4.24.3&#8243; _module_preset=&#8221;default&#8221; text_font=&#8221;|300|||||||&#8221; text_font_size=&#8221;18px&#8221; locked=&#8221;off&#8221; global_colors_info=&#8221;{}&#8221;]<\/p>\n<p>Nous accompagnons les organisations dans l\u2019identification des opportunit\u00e9s de croissance, le renforcement de leurs op\u00e9rations et l\u2019atteinte d\u2019un succ\u00e8s durable. De la strat\u00e9gie d\u2019entr\u00e9e sur le march\u00e9 \u00e0 l\u2019optimisation des ventes, notre \u00e9quipe con\u00e7oit et met en \u0153uvre des plans gagnants qui am\u00e9liorent la performance et la rentabilit\u00e9.<br \/>Prestations cl\u00e9s :<\/p>\n<p>\u00c9laboration et mise en \u0153uvre de strat\u00e9gies d\u2019entreprise<\/p>\n<p>\u00c9tudes de march\u00e9 et accompagnement \u00e0 l\u2019implantation<\/p>\n<p>Audits de performance commerciale<\/p>\n<p>Strat\u00e9gies d\u2019acquisition et de fid\u00e9lisation client<\/p>\n<p>Optimisation des processus de vente<\/p>\n<p>[\/et_pb_text][\/et_pb_column][\/et_pb_row][et_pb_row column_structure=&#8221;1_2,1_2&#8243; _builder_version=&#8221;4.24.3&#8243; _module_preset=&#8221;default&#8221; global_colors_info=&#8221;{}&#8221;][et_pb_column type=&#8221;1_2&#8243; _builder_version=&#8221;4.24.3&#8243; _module_preset=&#8221;default&#8221; global_colors_info=&#8221;{}&#8221;][et_pb_heading title=&#8221;Formations &#038; Coaching&#8221; _builder_version=&#8221;4.24.3&#8243; _module_preset=&#8221;default&#8221; title_font=&#8221;|800|||||||&#8221; global_colors_info=&#8221;{}&#8221;][\/et_pb_heading][et_pb_text _builder_version=&#8221;4.24.3&#8243; _module_preset=&#8221;default&#8221; text_font=&#8221;|300|||||||&#8221; text_font_size=&#8221;18px&#8221; locked=&#8221;off&#8221; global_colors_info=&#8221;{}&#8221;]<\/p>\n<p>Les personnes sont au c\u0153ur de chaque entreprise. Nos programmes de formation et de coaching visent \u00e0 lib\u00e9rer le potentiel, renforcer la motivation et garantir des r\u00e9sultats mesurables pour les managers, les \u00e9quipes de vente et les dirigeants.<br \/>Prestations cl\u00e9s :<\/p>\n<p>Formation en leadership et management<\/p>\n<p>Excellence commerciale et techniques de n\u00e9gociation<\/p>\n<p>Coaching personnalis\u00e9 pour managers et dirigeants<\/p>\n<p>Ateliers de team-building et de motivation<\/p>\n<p>Programmes de Learning &amp; Development adapt\u00e9s \u00e0 vos besoins<\/p>\n<p>[\/et_pb_text][\/et_pb_column][et_pb_column type=&#8221;1_2&#8243; _builder_version=&#8221;4.24.3&#8243; _module_preset=&#8221;default&#8221; global_colors_info=&#8221;{}&#8221;][et_pb_image src=&#8221;https:\/\/warabaconsulting.com\/wp-content\/uploads\/2025\/09\/consulting-1.webp&#8221; _builder_version=&#8221;4.24.3&#8243; _module_preset=&#8221;default&#8221; hover_enabled=&#8221;0&#8243; locked=&#8221;off&#8221; global_colors_info=&#8221;{}&#8221; title_text=&#8221;consulting&#8221; sticky_enabled=&#8221;0&#8243;][\/et_pb_image][\/et_pb_column][\/et_pb_row][et_pb_row column_structure=&#8221;1_2,1_2&#8243; _builder_version=&#8221;4.24.3&#8243; _module_preset=&#8221;default&#8221; global_colors_info=&#8221;{}&#8221;][et_pb_column type=&#8221;1_2&#8243; _builder_version=&#8221;4.24.3&#8243; _module_preset=&#8221;default&#8221; global_colors_info=&#8221;{}&#8221;][et_pb_image src=&#8221;https:\/\/warabaconsulting.com\/wp-content\/uploads\/2025\/09\/a1.webp&#8221; _builder_version=&#8221;4.24.3&#8243; _module_preset=&#8221;default&#8221; hover_enabled=&#8221;0&#8243; locked=&#8221;off&#8221; global_colors_info=&#8221;{}&#8221; title_text=&#8221;a1&#8243; sticky_enabled=&#8221;0&#8243;][\/et_pb_image][\/et_pb_column][et_pb_column type=&#8221;1_2&#8243; _builder_version=&#8221;4.24.3&#8243; _module_preset=&#8221;default&#8221; global_colors_info=&#8221;{}&#8221;][et_pb_heading title=&#8221;Comptabilit\u00e9 &#038; Gestion Financi\u00e8re&#8221; _builder_version=&#8221;4.24.3&#8243; _module_preset=&#8221;default&#8221; title_font=&#8221;|800|||||||&#8221; locked=&#8221;off&#8221; global_colors_info=&#8221;{}&#8221;][\/et_pb_heading][et_pb_text _builder_version=&#8221;4.24.3&#8243; _module_preset=&#8221;default&#8221; text_font=&#8221;|300|||||||&#8221; text_font_size=&#8221;18px&#8221; locked=&#8221;off&#8221; global_colors_info=&#8221;{}&#8221;]<\/p>\n<p>Nous assurons la conformit\u00e9 et la solidit\u00e9 financi\u00e8re de votre entreprise gr\u00e2ce \u00e0 des services comptables professionnels align\u00e9s sur les normes SYSCOHADA. Avec nous, vous pouvez vous concentrer sur le d\u00e9veloppement de vos activit\u00e9s pendant que nous g\u00e9rons les aspects complexes de la comptabilit\u00e9 et de la fiscalit\u00e9.<br \/>Prestations cl\u00e9s :<\/p>\n<p>Tenue de comptabilit\u00e9 compl\u00e8te (normes OHADA)<\/p>\n<p>D\u00e9clarations fiscales et sociales (DGI, CNPS, TVA, imp\u00f4t sur le revenu, etc.)<\/p>\n<p>Gestion de la paie et des ressources humaines<\/p>\n<p>Assistance \u00e0 la cr\u00e9ation d\u2019entreprise (RCCM, IFU, CNPS)<\/p>\n<p>Business plans et pr\u00e9visions financi\u00e8res<\/p>\n<p>Pr\u00e9paration d\u2019audit et reporting financier<\/p>\n<p>[\/et_pb_text][\/et_pb_column][\/et_pb_row][et_pb_row column_structure=&#8221;1_2,1_2&#8243; _builder_version=&#8221;4.24.3&#8243; _module_preset=&#8221;default&#8221; global_colors_info=&#8221;{}&#8221;][et_pb_column type=&#8221;1_2&#8243; _builder_version=&#8221;4.24.3&#8243; _module_preset=&#8221;default&#8221; global_colors_info=&#8221;{}&#8221;][et_pb_heading title=&#8221;Conseil en Ressources Humaines &#038; Paie&#8221; _builder_version=&#8221;4.24.3&#8243; _module_preset=&#8221;default&#8221; title_font=&#8221;|800|||||||&#8221; locked=&#8221;off&#8221; global_colors_info=&#8221;{}&#8221;][\/et_pb_heading][et_pb_text _builder_version=&#8221;4.24.3&#8243; _module_preset=&#8221;default&#8221; text_font=&#8221;|300|||||||&#8221; text_font_size=&#8221;18px&#8221; locked=&#8221;off&#8221; global_colors_info=&#8221;{}&#8221;]<\/p>\n<p>Une gestion efficace des ressources humaines est essentielle au succ\u00e8s d\u2019une entreprise. Nous proposons des solutions RH qui assurent la conformit\u00e9 avec la l\u00e9gislation locale tout en cr\u00e9ant un environnement favorable \u00e0 la productivit\u00e9 des employ\u00e9s.<br \/>Prestations cl\u00e9s :<\/p>\n<p>Externalisation et conformit\u00e9 de la paie<\/p>\n<p>\u00c9laboration de politiques et proc\u00e9dures RH<\/p>\n<p>Soutien au recrutement et int\u00e9gration du personnel<\/p>\n<p>Syst\u00e8mes de gestion de la performance<\/p>\n<p>Analyse des besoins en formation et renforcement des capacit\u00e9s<\/p>\n<p>[\/et_pb_text][\/et_pb_column][et_pb_column type=&#8221;1_2&#8243; _builder_version=&#8221;4.24.3&#8243; _module_preset=&#8221;default&#8221; global_colors_info=&#8221;{}&#8221;][et_pb_image src=&#8221;https:\/\/warabaconsulting.com\/wp-content\/uploads\/2025\/09\/a4.webp&#8221; _builder_version=&#8221;4.24.3&#8243; _module_preset=&#8221;default&#8221; hover_enabled=&#8221;0&#8243; locked=&#8221;off&#8221; global_colors_info=&#8221;{}&#8221; title_text=&#8221;a4&#8243; sticky_enabled=&#8221;0&#8243;][\/et_pb_image][\/et_pb_column][\/et_pb_row][et_pb_row column_structure=&#8221;1_2,1_2&#8243; _builder_version=&#8221;4.24.3&#8243; _module_preset=&#8221;default&#8221; global_colors_info=&#8221;{}&#8221;][et_pb_column type=&#8221;1_2&#8243; _builder_version=&#8221;4.24.3&#8243; _module_preset=&#8221;default&#8221; global_colors_info=&#8221;{}&#8221;][et_pb_image src=&#8221;https:\/\/warabaconsulting.com\/wp-content\/uploads\/2025\/09\/a3.webp&#8221; _builder_version=&#8221;4.24.3&#8243; _module_preset=&#8221;default&#8221; hover_enabled=&#8221;0&#8243; locked=&#8221;off&#8221; global_colors_info=&#8221;{}&#8221; title_text=&#8221;a3&#8243; sticky_enabled=&#8221;0&#8243;][\/et_pb_image][\/et_pb_column][et_pb_column type=&#8221;1_2&#8243; _builder_version=&#8221;4.24.3&#8243; _module_preset=&#8221;default&#8221; global_colors_info=&#8221;{}&#8221;][et_pb_heading title=&#8221;Cr\u00e9ation d\u2019Entreprise &#038; Conformit\u00e9&#8221; _builder_version=&#8221;4.24.3&#8243; _module_preset=&#8221;default&#8221; title_font=&#8221;|800|||||||&#8221; locked=&#8221;off&#8221; global_colors_info=&#8221;{}&#8221;][\/et_pb_heading][et_pb_text _builder_version=&#8221;4.24.3&#8243; _module_preset=&#8221;default&#8221; text_font=&#8221;|300|||||||&#8221; text_font_size=&#8221;18px&#8221; locked=&#8221;off&#8221; global_colors_info=&#8221;{}&#8221;]<\/p>\n<p>Cr\u00e9er une entreprise dans la zone OHADA peut s\u2019av\u00e9rer complexe. Nous simplifions le processus en vous accompagnant dans toutes les d\u00e9marches administratives et r\u00e9glementaires.<br \/>Prestations cl\u00e9s :<\/p>\n<p>Immatriculation d\u2019entreprise (RCCM, IFU, CNPS)<\/p>\n<p>Accompagnement \u00e0 la conformit\u00e9 l\u00e9gale<\/p>\n<p>D\u00e9p\u00f4t de documents statutaires<\/p>\n<p>Conseil sur les structures juridiques d\u2019entreprise<\/p>\n<p>[\/et_pb_text][\/et_pb_column][\/et_pb_row][et_pb_row column_structure=&#8221;1_2,1_2&#8243; _builder_version=&#8221;4.24.3&#8243; _module_preset=&#8221;default&#8221; global_colors_info=&#8221;{}&#8221;][et_pb_column type=&#8221;1_2&#8243; _builder_version=&#8221;4.24.3&#8243; _module_preset=&#8221;default&#8221; global_colors_info=&#8221;{}&#8221;][et_pb_image src=&#8221;https:\/\/warabaconsulting.com\/wp-content\/uploads\/2025\/09\/a5.webp&#8221; _builder_version=&#8221;4.24.3&#8243; _module_preset=&#8221;default&#8221; hover_enabled=&#8221;0&#8243; locked=&#8221;off&#8221; global_colors_info=&#8221;{}&#8221; title_text=&#8221;a5&#8243; sticky_enabled=&#8221;0&#8243;][\/et_pb_image][\/et_pb_column][et_pb_column type=&#8221;1_2&#8243; _builder_version=&#8221;4.24.3&#8243; _module_preset=&#8221;default&#8221; global_colors_info=&#8221;{}&#8221;][et_pb_heading title=&#8221;Ressources &#038; Services d\u2019Appui&#8221; _builder_version=&#8221;4.24.3&#8243; _module_preset=&#8221;default&#8221; title_font=&#8221;|800|||||||&#8221; locked=&#8221;off&#8221; global_colors_info=&#8221;{}&#8221;][\/et_pb_heading][et_pb_text _builder_version=&#8221;4.24.3&#8243; _module_preset=&#8221;default&#8221; text_font=&#8221;|300|||||||&#8221; text_font_size=&#8221;18px&#8221; locked=&#8221;off&#8221; global_colors_info=&#8221;{}&#8221;]<\/p>\n<p>Nous allons au-del\u00e0 de la prestation de services en mettant \u00e0 disposition des ressources pratiques pour garder nos clients inform\u00e9s et pr\u00e9par\u00e9s. Du calendrier fiscal aux guides pratiques, nous vous aidons \u00e0 anticiper et \u00e0 rester \u00e0 jour.<br \/>Prestations cl\u00e9s :<\/p>\n<p>Guides et brochures t\u00e9l\u00e9chargeables<\/p>\n<p>Actualit\u00e9s fiscales et mises \u00e0 jour r\u00e9glementaires<\/p>\n<p>Articles et analyses d\u2019experts<\/p>\n<p>Outils pratiques pour PME et startups<\/p>\n<p>[\/et_pb_text][\/et_pb_column][\/et_pb_row][\/et_pb_section]<\/p>\n","protected":false},"excerpt":{"rendered":"<p>Chez Waraba Consulting, nous offrons une gamme compl\u00e8te de solutions de conseil, de formation et de comptabilit\u00e9 con\u00e7ues pour aider les entreprises en Afrique et \u00e0 l\u2019international \u00e0 prosp\u00e9rer. Notre expertise couvre la strat\u00e9gie, le d\u00e9veloppement des comp\u00e9tences et la conformit\u00e9, garantissant \u00e0 nos clients comp\u00e9titivit\u00e9, efficacit\u00e9 et croissance durable.Nous accompagnons les organisations dans l\u2019identification [&hellip;]<\/p>\n","protected":false},"author":1,"featured_media":0,"parent":0,"menu_order":0,"comment_status":"closed","ping_status":"closed","template":"","meta":{"_et_pb_use_builder":"on","_et_pb_old_content":"<!-- wp:divi\/placeholder \/-->","_et_gb_content_width":"","footnotes":""},"class_list":["post-14","page","type-page","status-publish","hentry"],"_links":{"self":[{"href":"https:\/\/warabaconsulting.com\/index.php\/wp-json\/wp\/v2\/pages\/14","targetHints":{"allow":["GET"]}}],"collection":[{"href":"https:\/\/warabaconsulting.com\/index.php\/wp-json\/wp\/v2\/pages"}],"about":[{"href":"https:\/\/warabaconsulting.com\/index.php\/wp-json\/wp\/v2\/types\/page"}],"author":[{"embeddable":true,"href":"https:\/\/warabaconsulting.com\/index.php\/wp-json\/wp\/v2\/users\/1"}],"replies":[{"embeddable":true,"href":"https:\/\/warabaconsulting.com\/index.php\/wp-json\/wp\/v2\/comments?post=14"}],"version-history":[{"count":7,"href":"https:\/\/warabaconsulting.com\/index.php\/wp-json\/wp\/v2\/pages\/14\/revisions"}],"predecessor-version":[{"id":229,"href":"https:\/\/warabaconsulting.com\/index.php\/wp-json\/wp\/v2\/pages\/14\/revisions\/229"}],"wp:attachment":[{"href":"https:\/\/warabaconsulting.com\/index.php\/wp-json\/wp\/v2\/media?parent=14"}],"curies":[{"name":"wp","href":"https:\/\/api.w.org\/{rel}","templated":true}]}}